{"id":11342,"date":"2024-06-20T14:52:56","date_gmt":"2024-06-20T14:52:56","guid":{"rendered":"https:\/\/eoc.vision\/cookie-policy\/"},"modified":"2024-06-20T16:45:09","modified_gmt":"2024-06-20T16:45:09","slug":"cookie-policy","status":"publish","type":"page","link":"https:\/\/eoc.vision\/de\/cookie-policy\/","title":{"rendered":"Cookie policy"},"content":{"rendered":"[vc_row type=&#8220;in_container&#8220; full_screen_row_position=&#8220;middle&#8220; column_margin=&#8220;default&#8220; column_direction=&#8220;default&#8220; column_direction_tablet=&#8220;default&#8220; column_direction_phone=&#8220;default&#8220; scene_position=&#8220;center&#8220; top_padding=&#8220;6%&#8220; bottom_padding=&#8220;6%&#8220; text_color=&#8220;dark&#8220; text_align=&#8220;left&#8220; row_border_radius=&#8220;none&#8220; row_border_radius_applies=&#8220;bg&#8220; overflow=&#8220;visible&#8220; overlay_strength=&#8220;0.3&#8243; gradient_direction=&#8220;left_to_right&#8220; shape_divider_position=&#8220;bottom&#8220; bg_image_animation=&#8220;none&#8220; shape_type=&#8220;&#8220;][vc_column column_padding=&#8220;no-extra-padding&#8220; column_padding_tablet=&#8220;inherit&#8220; column_padding_phone=&#8220;inherit&#8220; column_padding_position=&#8220;all&#8220; column_element_direction_desktop=&#8220;default&#8220; column_element_spacing=&#8220;default&#8220; desktop_text_alignment=&#8220;default&#8220; tablet_text_alignment=&#8220;default&#8220; phone_text_alignment=&#8220;default&#8220; background_color_opacity=&#8220;1&#8243; background_hover_color_opacity=&#8220;1&#8243; column_backdrop_filter=&#8220;none&#8220; column_shadow=&#8220;none&#8220; column_border_radius=&#8220;none&#8220; column_link_target=&#8220;_self&#8220; column_position=&#8220;default&#8220; gradient_direction=&#8220;left_to_right&#8220; overlay_strength=&#8220;0.3&#8243; width=&#8220;1\/1&#8243; tablet_width_inherit=&#8220;default&#8220; animation_type=&#8220;default&#8220; bg_image_animation=&#8220;none&#8220; border_type=&#8220;simple&#8220; column_border_width=&#8220;none&#8220; column_border_style=&#8220;solid&#8220;][vc_column_text css=&#8220;&#8220; text_direction=&#8220;default&#8220;]<strong>Verantwortlicher der Datenverarbeitung<\/strong><\/p>\n<p>Der Verantwortliche der Datenverarbeitung ist EOC GmbH \u2013 Benefit Corporation, mit Sitz in Gewerbegebiet Wurzer 22 I-39055 Leifers (BZ), den Sie unter der Telefonnummer 0471 590 192 oder E-Mail-Adresse hello@eoc.vision kontaktieren k\u00f6nnen.<\/p>\n<p>W\u00e4hrend Sie durchs Internet surfen, werden von den Webseiten gewisse Informationen gespeichert, um Ihnen eine korrekte und sichere Surfing-Erfahrung zu bieten, wie zum Beispiel: IP-Adressen, MAC Address, Domain-Namen von Computern der Nutzer und all jene technischen Informationen, die bei der Verwendung von Internet-Kommunikationsprotokollen implizit sind.<\/p>\n<p><strong>Cookies.<\/strong> Unsere Webseite benutzt Cookies, um Ihnen eine korrekte Nutzung der Internetseite und eine sichere Surfing-Erfahrung zu bieten. Diese Policy gibt Ihnen Informationen \u00fcber die von unserer Webseite verwendeten Cookies, \u00fcber ihre Zwecke und die Nutzungsmodalit\u00e4t.<\/p>\n<p><strong>Was sind Cookies?<\/strong> Rechtsgrundlage f\u00fcr die Verwaltung von Cookies ist die allgemeine Ma\u00dfnahme der Datenschutzbeh\u00f6rde bez\u00fcglich Cookies vom 8. Mai 2014. Cookies sind kleine, von der Seite an das Ger\u00e4t des Nutzers (normalerweise an den Browser) gesendete Textdateien. Sie werden gespeichert, um beim n\u00e4chsten Besuch desselben Nutzers wieder an die Seite \u00fcbertragen zu werden. W\u00e4hrend der Navigation auf einer Webseite, k\u00f6nnen auch Cookies von anderen Internetseiten oder Webservern (s.g. \u201cDrittanbieter\u201d) an das Ger\u00e4t des Nutzers gesendet werden: auf der besuchten Webseite k\u00f6nnen einige Elemente (wie z. B. Bilder, Karten, Sounds, spezifische Links zu Seiten anderer Domains) vorhanden sein, die sich auf anderen Internetseiten oder Webservern befinden.<br \/>\nCookies k\u00f6nnen f\u00fcr verschiedene Zwecke verwendet werden, wie zum Beispiel f\u00fcr die Durchf\u00fchrung der Computerauthentifizierung, die Speicherung von Informationen in Bezug auf Konfigurationen der Maschinen, die auf den Server zugreifen, f\u00fcr die Speicherung bevorzugter Websites, usw. Es folgen die von uns verwendeten Cookie-Typen.<\/p>\n<p><strong>Cookies-Typen<\/strong><br \/>\nUnter den geltenden Rechtsvorschriften in Italien ist f\u00fcr die Verwendung von Cookies nicht immer die ausdr\u00fcckliche Zustimmung erforderlich. Insbesondere die sog. &#8222;technischen&#8220; Cookies erfordern diese nicht, etwa zur \u00dcbertragung einer Nachricht \u00fcber ein elektronisches Kommunikationsnetzwerk, oder um einen vom Benutzer explizit angeforderten Dienst bereitzustellen. Es handelt sich, mit anderen Worten, um unverzichtbare Cookies f\u00fcr das einwandfreie Funktionieren der Seite oder f\u00fcr Aktivit\u00e4ten, die der Benutzer anfordert.<\/p>\n<p><em>Technische Cookies:<\/em> technische Cookies sind zwingend n\u00f6tig f\u00fcr das einwandfreie Funktionieren der Webseite; diese werden nur f\u00fcr die Dauer der Navigation gespeichert.<br \/>\nZu den technischen Cookies, die nicht die ausdr\u00fcckliche Zustimmung zu deren Verwendung ben\u00f6tigen, z\u00e4hlt die Beh\u00f6rde f\u00fcr den Schutz personenbezogener Daten folgende Cookies (siehe. Prov.Gen. \u201eErkennung vereinfachter Verfahren f\u00fcr die Information und den Erhalt der Zustimmung f\u00fcr die Verwendung der Cookies &#8211; 8. Mai 2014\u201c):<\/p>\n<p>&#8211; \u201eAnalyse-Cookies&#8220;, direkt eingesetzt durch den Seitenbetreiber, um Informationen bez\u00fcglich Anzahl und Verhalten der Benutzer ebendieser Webseite zu sammeln,<br \/>\n&#8211; Cookies f\u00fcr die Navigation oder Sitzungs-Cookies (f\u00fcr die Authentifizierung, einen Kauf zu t\u00e4tigen, usw.),<br \/>\n&#8211; Funktions-Cookies: Diese Cookies erm\u00f6glichen den Benutzern die Navigation aufgrund von einer Reihe von gew\u00e4hlten Funktionen (wie Spracheinstellungen, die zum Kauf gew\u00e4hlten Waren) mit dem Zweck, Komfort und Leistung der Webseite zu verbessern.<\/p>\n<p>F\u00fcr Cookies, die zur Erstellung von Nutzer-Profilen zur Erstellung von Werbebotschaften ausgerichtet sind, ist eine vorherige Zustimmung des Benutzers notwendig und erfolgt in Einklang mit seinen Vorlieben, die aus der Navigation zu erkennen sind.<\/p>\n<p><em>Analytische Cookies:<\/em> Analytische Cookies sind Cookies, die verwendet werden, um die Anzahl der Besuche und die Nutzung der Website auf einer statistischen Ebene zu verfolgen, basierend auf aggregierten Informationen. Diese Cookies erm\u00f6glichen es uns zu verstehen, wie die Website von den Nutzern verwendet wird. Diese Cookies sammeln keine Informationen \u00fcber die Identit\u00e4t des Nutzers oder pers\u00f6nliche Daten. Diese Cookies sind mit technischen Cookies vergleichbar, da die vierte Komponente der IP-Adresse maskiert wird. In unserem Fall verwenden wir keine solchen Cookies. Die \u00fcber die Website erfassten Daten werden nicht \u00fcber den EWR hinaus \u00fcbertragen.<\/p>\n<p><em>Drittanbieter-Cookies werden von anderen Websites erstellt.<\/em> Diesen Websites geh\u00f6ren einige der Inhalte, wie z. B. Werbeanzeigen oder Bilder, die Sie auf der besuchten Webseite sehen. Der Verantwortliche f\u00fcr die Datenverarbeitung ist nicht in der Lage, eine spezifische Kontrolle \u00fcber diese Cookies auszu\u00fcben. Um Informationen \u00fcber diese Cookies und ihre Eigenschaften und Funktionsweise zu erhalten, wenden Sie sich bitte direkt an die genannten Dritten. Die Verwendung von Drittanbieter-Cookies kann in der Regel auch vom Nutzer durch eine entsprechende Option in seinem Browser unterbunden werden. In diesem Fall verwendet unsere Website keine Cookies von Dritten.<\/p>\n<p><strong>Die von unserer Webseite verwendeten Cookies<\/strong><br \/>\nEs folgt die Auflistung der von uns verwendeten Cookies:<\/p>\n<p>&nbsp;<\/p>\n<div class=\"report-thead\">\n<div class=\"report-tcol\">\n<table>\n<thead>\n<tr>\n<th>Cookie<\/th>\n<th>Domain<\/th>\n<th>Beschreibung Website<\/th>\n<th>Dauer<\/th>\n<th>Typ<\/th>\n<\/tr>\n<\/thead>\n<tbody>\n<tr>\n<td>wp-wpml_current_language<\/td>\n<td>eoc.vision<\/td>\n<td>WordPress multilingual plugin sets this cookie to store the current language\/language settings.<\/td>\n<td>session<\/td>\n<td>Functional<\/td>\n<\/tr>\n<tr>\n<td><em>ga<\/em>*<\/td>\n<td>eoc.vision<\/td>\n<td>Google Analytics sets this cookie to store and count page views.<\/td>\n<td>1 year 1 month 4 days<\/td>\n<td>Analytics<\/td>\n<\/tr>\n<tr>\n<td>_ga<\/td>\n<td>eoc.vision<\/td>\n<td>Google Analytics sets this cookie to calculate visitor, session and campaign data and track site usage.<\/td>\n<td>1 year 1 month 4 days<\/td>\n<td>Analytics<\/td>\n<\/tr>\n<tr>\n<td>_GRECAPTCHA<\/td>\n<td><a href=\"http:\/\/www.google.com\" target=\"_new\" rel=\"noreferrer noopener\">www.google.com<\/a><\/td>\n<td>Google Recaptcha service sets this cookie to identify bots to protect the website against malicious spam.<\/td>\n<td>6 months<\/td>\n<td>Necessary<\/td>\n<\/tr>\n<tr>\n<td>cookie_notice_accepted<\/td>\n<td>eoc.vision<\/td>\n<td>No description available.<\/td>\n<td>1 year<\/td>\n<td>Other<\/td>\n<\/tr>\n<tr>\n<td>rc::a<\/td>\n<td>google.com<\/td>\n<td>This cookie is set by the Google recaptcha service to identify bots to protect the website against spam.<\/td>\n<td>never<\/td>\n<td>Necessary<\/td>\n<\/tr>\n<tr>\n<td>rc::f<\/td>\n<td>google.com<\/td>\n<td>This cookie is set by the Google recaptcha service to identify bots to protect the website against spam.<\/td>\n<td>never<\/td>\n<td>Necessary<\/td>\n<\/tr>\n<tr>\n<td>rc::c<\/td>\n<td>google.com<\/td>\n<td>This cookie is set by the Google recaptcha service to identify bots to protect the website against spam.<\/td>\n<td>session<\/td>\n<td>Necessary<\/td>\n<\/tr>\n<tr>\n<td>rc::b<\/td>\n<td>google.com<\/td>\n<td>This cookie is set by the Google recaptcha service to identify bots to protect the website against spam.<\/td>\n<td>session<\/td>\n<td>Necessary<\/td>\n<\/tr>\n<\/tbody>\n<\/table>\n<p>Diese Website verwendet keine Profilierungscookies.<\/p>\n<p><strong>Wie kann man Cookies deaktivieren?<\/strong> Der Nutzer kann jederzeit seine Zustimmung zur\u00fccknehmen bzw. die Optionen zur Verwendung von Cookies dieser Webseite \u00fcber seine Browsereinstellungen \u00e4ndern. Hier finden Sie die Links zu den wichtigsten Browsern.<\/p>\n<p>Bitte beachten Sie, dass die auf eoc.vision installierten Cookies technischer Natur sind. Sie sind f\u00fcr die Benutzerauthentifizierung unerl\u00e4sslich. Sie k\u00f6nnen daher nicht deaktiviert werden, es sei denn, die Funktionalit\u00e4t der wesentlichen Komponenten der Website wird beeintr\u00e4chtigt.<br \/>\nDiese Policy kann, bei gesetzlichen \u00c4nderungen, vom Verantwortlichen der Datenverarbeitung erg\u00e4nzt und ver\u00e4ndert werden.<\/p>\n<p><strong>Aktualisierungsdatum:<\/strong> 22.02.2024<\/p>\n<\/div>\n<\/div>\n[\/vc_column_text][\/vc_column][\/vc_row]\n","protected":false},"excerpt":{"rendered":"<p>[vc_row type=&#8220;in_container&#8220; full_screen_row_position=&#8220;middle&#8220; column_margin=&#8220;default&#8220; column_direction=&#8220;default&#8220; column_direction_tablet=&#8220;default&#8220; column_direction_phone=&#8220;default&#8220; scene_position=&#8220;center&#8220; top_padding=&#8220;6%&#8220; bottom_padding=&#8220;6%&#8220; text_color=&#8220;dark&#8220; text_align=&#8220;left&#8220; row_border_radius=&#8220;none&#8220; row_border_radius_applies=&#8220;bg&#8220; overflow=&#8220;visible&#8220; overlay_strength=&#8220;0.3&#8243; gradient_direction=&#8220;left_to_right&#8220; shape_divider_position=&#8220;bottom&#8220; bg_image_animation=&#8220;none&#8220; shape_type=&#8220;&#8220;][vc_column column_padding=&#8220;no-extra-padding&#8220; column_padding_tablet=&#8220;inherit&#8220; column_padding_phone=&#8220;inherit&#8220; column_padding_position=&#8220;all&#8220; column_element_direction_desktop=&#8220;default&#8220; column_element_spacing=&#8220;default&#8220; desktop_text_alignment=&#8220;default&#8220; tablet_text_alignment=&#8220;default&#8220; phone_text_alignment=&#8220;default&#8220; background_color_opacity=&#8220;1&#8243; background_hover_color_opacity=&#8220;1&#8243; column_backdrop_filter=&#8220;none&#8220; column_shadow=&#8220;none&#8220; column_border_radius=&#8220;none&#8220; column_link_target=&#8220;_self&#8220; column_position=&#8220;default&#8220; gradient_direction=&#8220;left_to_right&#8220; overlay_strength=&#8220;0.3&#8243; width=&#8220;1\/1&#8243; tablet_width_inherit=&#8220;default&#8220; animation_type=&#8220;default&#8220; bg_image_animation=&#8220;none&#8220;&#8230;<\/p>\n","protected":false},"author":2,"featured_media":0,"parent":0,"menu_order":0,"comment_status":"closed","ping_status":"closed","template":"","meta":{"inline_featured_image":false,"footnotes":""},"class_list":["post-11342","page","type-page","status-publish"],"publishpress_future_workflow_manual_trigger":{"enabledWorkflows":[]},"_links":{"self":[{"href":"https:\/\/eoc.vision\/de\/wp-json\/wp\/v2\/pages\/11342","targetHints":{"allow":["GET"]}}],"collection":[{"href":"https:\/\/eoc.vision\/de\/wp-json\/wp\/v2\/pages"}],"about":[{"href":"https:\/\/eoc.vision\/de\/wp-json\/wp\/v2\/types\/page"}],"author":[{"embeddable":true,"href":"https:\/\/eoc.vision\/de\/wp-json\/wp\/v2\/users\/2"}],"replies":[{"embeddable":true,"href":"https:\/\/eoc.vision\/de\/wp-json\/wp\/v2\/comments?post=11342"}],"version-history":[{"count":0,"href":"https:\/\/eoc.vision\/de\/wp-json\/wp\/v2\/pages\/11342\/revisions"}],"wp:attachment":[{"href":"https:\/\/eoc.vision\/de\/wp-json\/wp\/v2\/media?parent=11342"}],"curies":[{"name":"wp","href":"https:\/\/api.w.org\/{rel}","templated":true}]}}